{"id":37,"date":"2024-02-15T17:57:08","date_gmt":"2024-02-15T16:57:08","guid":{"rendered":"http:\/\/164.138.208.237\/~adminai\/?page_id=37"},"modified":"2024-02-22T14:40:48","modified_gmt":"2024-02-22T13:40:48","slug":"especialistas-en-construccion-de-viviendas-y-promocion-en-la-comarca-de-donostialdea","status":"publish","type":"page","link":"https:\/\/azpeitiaisasa.com\/eu\/","title":{"rendered":"Home"},"content":{"rendered":"<p>[vc_row full_width=&#8221;stretch_row_content&#8221; no_bottom_margin=&#8221;yes&#8221; css=&#8221;.vc_custom_1498817872391{margin-bottom: 20px !important;}&#8221;][vc_column][rev_slider_vc alias=&#8221;architecture_eu&#8221;][vc_separator][\/vc_column][\/vc_row][vc_row][vc_column][vc_text_separator title=&#8221;AZPEITIA ISASA&#8221;][vc_column_text el_class=&#8221;h3_texto&#8221;]<\/p>\n<h3 style=\"text-align: center;\">AZPEITIA ISASA, gaur egun, Gipuzkoa mailan, gehien bat Donostialdean, dabilen empresa bat da. Gure jarduera nagusia etxebizitzen eraikuntza eta sustapena da.<\/h3>\n<p>&nbsp;<\/p>\n<h3 style=\"text-align: center;\">Eraikuntza arloan 25 urte baino gehiagoren esperientzia daukagu.<\/h3>\n<h3 style=\"text-align: center;\"><\/h3>\n<h3 style=\"text-align: center;\">Hasieran berrikuntzak egiten espezializatu zen, hormigoizko egiturak eta igeltseritzan bereziki, ondoren etxebizitzen eta pabeloi industrialen eraikuntza orokorra egiten.<\/h3>\n<h3 style=\"text-align: center;\"><\/h3>\n<h3 style=\"text-align: center;\"><\/h3>\n<h3 style=\"text-align: center;\">Enpresako gure pertsonala erabat kualifikatua dago jarduerari dagokion lanak egiteko, eta gainontzeko gremioak azpikontratatzen ditugu, Donostialde komarkako konfiantzazko eta kalitate handiko enpresak.<\/h3>\n<h3 style=\"text-align: center;\"><\/h3>\n<p>[\/vc_column_text][\/vc_column][\/vc_row][vc_row content_placement=&#8221;middle&#8221;][vc_column reveal_effect=&#8221;&#8221; css=&#8221;.vc_custom_1497438655824{margin-top: 40px !important;}&#8221;][lab_portfolio_items title=&#8221;Sustapenak&#8221; category_filter=&#8221;no&#8221; portfolio_query=&#8221;size:6|order_by:date|post_type:,portfolio&#8221;][\/vc_column][\/vc_row][vc_row][vc_column][lab_vc_social_networks display_type=&#8221;rounded-icons&#8221;][\/vc_column][\/vc_row]<\/p>","protected":false},"excerpt":{"rendered":"<p>[vc_row full_width=&#8221;stretch_row_content&#8221; no_bottom_margin=&#8221;yes&#8221; css=&#8221;.vc_custom_1498817872391{margin-bottom: 20px !important;}&#8221;][vc_column][rev_slider_vc alias=&#8221;architecture_eu&#8221;][vc_separator][\/vc_column][\/vc_row][vc_row][vc_column][vc_text_separator title=&#8221;AZPEITIA ISASA&#8221;][vc_column_text el_class=&#8221;h3_texto&#8221;] AZPEITIA ISASA, gaur egun, Gipuzkoa mailan, gehien bat Donostialdean, dabilen empresa bat da. Gure jarduera nagusia etxebizitzen eraikuntza eta sustapena da. &nbsp; Eraikuntza arloan 25 urte baino gehiagoren esperientzia daukagu. Hasieran berrikuntzak egiten espezializatu zen, hormigoizko egiturak eta igeltseritzan bereziki, ondoren etxebizitzen eta pabeloi industrialen&hellip;<\/p>\n","protected":false},"author":1,"featured_media":0,"parent":0,"menu_order":0,"comment_status":"closed","ping_status":"closed","template":"","meta":{"footnotes":""},"class_list":["post-37","page","type-page","status-publish","hentry"],"yoast_head":"<!-- This site is optimized with the Yoast SEO plugin v27.4 - https:\/\/yoast.com\/product\/yoast-seo-wordpress\/ -->\n<title>(Espa\u00f1ol) Especialistas en construcci\u00f3n y promoci\u00f3n de viviendas<\/title>\n<meta name=\"description\" content=\"(Espa\u00f1ol) Especialistas en construcci\u00f3n de viviendas y promoci\u00f3n en la comarca de Donostialdea de la provincia de Gipuzkoa.\" \/>\n<meta name=\"robots\" content=\"index, follow, max-snippet:-1, max-image-preview:large, max-video-preview:-1\" \/>\n<link rel=\"canonical\" href=\"https:\/\/azpeitiaisasa.com\/\" \/>\n<meta property=\"og:locale\" content=\"en_US\" \/>\n<meta property=\"og:type\" content=\"article\" \/>\n<meta property=\"og:title\" content=\"[:es][:es] Especialistas en construcci\u00f3n y promoci\u00f3n de viviendas [:][:]\" \/>\n<meta property=\"og:description\" content=\"{:es}Especialistas en construcci\u00f3n de viviendas y promoci\u00f3n en la comarca de Donostialdea de la provincia de Gipuzkoa.{:}\" \/>\n<meta property=\"og:url\" content=\"https:\/\/azpeitiaisasa.com\/\" \/>\n<meta property=\"og:site_name\" content=\"Azpeitia Isasa\" \/>\n<meta property=\"article:modified_time\" content=\"2024-02-22T13:40:48+00:00\" \/>\n<meta name=\"twitter:card\" content=\"summary_large_image\" \/>\n<meta name=\"twitter:label1\" content=\"Est. reading time\" \/>\n\t<meta name=\"twitter:data1\" content=\"1 minutua\" \/>\n<script type=\"application\/ld+json\" class=\"yoast-schema-graph\">{\"@context\":\"https:\\\/\\\/schema.org\",\"@graph\":[{\"@type\":\"WebPage\",\"@id\":\"https:\\\/\\\/azpeitiaisasa.com\\\/\",\"url\":\"https:\\\/\\\/azpeitiaisasa.com\\\/\",\"name\":\"[:es][:es] Especialistas en construcci\u00f3n y promoci\u00f3n de viviendas [:][:]\",\"isPartOf\":{\"@id\":\"https:\\\/\\\/azpeitiaisasa.com\\\/#website\"},\"datePublished\":\"2024-02-15T16:57:08+00:00\",\"dateModified\":\"2024-02-22T13:40:48+00:00\",\"description\":\"{:es}Especialistas en construcci\u00f3n de viviendas y promoci\u00f3n en la comarca de Donostialdea de la provincia de Gipuzkoa.{:}\",\"breadcrumb\":{\"@id\":\"https:\\\/\\\/azpeitiaisasa.com\\\/#breadcrumb\"},\"inLanguage\":\"eu\",\"potentialAction\":[{\"@type\":\"ReadAction\",\"target\":[\"https:\\\/\\\/azpeitiaisasa.com\\\/\"]}]},{\"@type\":\"BreadcrumbList\",\"@id\":\"https:\\\/\\\/azpeitiaisasa.com\\\/#breadcrumb\",\"itemListElement\":[{\"@type\":\"ListItem\",\"position\":1,\"name\":\"Home\",\"item\":\"https:\\\/\\\/azpeitiaisasa.com\\\/\"},{\"@type\":\"ListItem\",\"position\":2,\"name\":\"Home\"}]},{\"@type\":\"WebSite\",\"@id\":\"https:\\\/\\\/azpeitiaisasa.com\\\/#website\",\"url\":\"https:\\\/\\\/azpeitiaisasa.com\\\/\",\"name\":\"Azpeitia Isasa\",\"description\":\"Especialistas en construcci&oacute;n de viviendas y promoci&oacute;n en la comarca de Donostialdea de la provincia de Gipuzkoa.\",\"potentialAction\":[{\"@type\":\"SearchAction\",\"target\":{\"@type\":\"EntryPoint\",\"urlTemplate\":\"https:\\\/\\\/azpeitiaisasa.com\\\/?s={search_term_string}\"},\"query-input\":{\"@type\":\"PropertyValueSpecification\",\"valueRequired\":true,\"valueName\":\"search_term_string\"}}],\"inLanguage\":\"eu\"}]}<\/script>\n<!-- \/ Yoast SEO plugin. -->","yoast_head_json":{"title":"(Espa\u00f1ol) Especialistas en construcci\u00f3n y promoci\u00f3n de viviendas","description":"(Espa\u00f1ol) Especialistas en construcci\u00f3n de viviendas y promoci\u00f3n en la comarca de Donostialdea de la provincia de Gipuzkoa.","robots":{"index":"index","follow":"follow","max-snippet":"max-snippet:-1","max-image-preview":"max-image-preview:large","max-video-preview":"max-video-preview:-1"},"canonical":"https:\/\/azpeitiaisasa.com\/","og_locale":"en_US","og_type":"article","og_title":"[:es][:es] Especialistas en construcci\u00f3n y promoci\u00f3n de viviendas [:][:]","og_description":"{:es}Especialistas en construcci\u00f3n de viviendas y promoci\u00f3n en la comarca de Donostialdea de la provincia de Gipuzkoa.{:}","og_url":"https:\/\/azpeitiaisasa.com\/","og_site_name":"Azpeitia Isasa","article_modified_time":"2024-02-22T13:40:48+00:00","twitter_card":"summary_large_image","twitter_misc":{"Est. reading time":"1 minutua"},"schema":{"@context":"https:\/\/schema.org","@graph":[{"@type":"WebPage","@id":"https:\/\/azpeitiaisasa.com\/","url":"https:\/\/azpeitiaisasa.com\/","name":"[:es][:es] Especialistas en construcci\u00f3n y promoci\u00f3n de viviendas [:][:]","isPartOf":{"@id":"https:\/\/azpeitiaisasa.com\/#website"},"datePublished":"2024-02-15T16:57:08+00:00","dateModified":"2024-02-22T13:40:48+00:00","description":"{:es}Especialistas en construcci\u00f3n de viviendas y promoci\u00f3n en la comarca de Donostialdea de la provincia de Gipuzkoa.{:}","breadcrumb":{"@id":"https:\/\/azpeitiaisasa.com\/#breadcrumb"},"inLanguage":"eu","potentialAction":[{"@type":"ReadAction","target":["https:\/\/azpeitiaisasa.com\/"]}]},{"@type":"BreadcrumbList","@id":"https:\/\/azpeitiaisasa.com\/#breadcrumb","itemListElement":[{"@type":"ListItem","position":1,"name":"Home","item":"https:\/\/azpeitiaisasa.com\/"},{"@type":"ListItem","position":2,"name":"Home"}]},{"@type":"WebSite","@id":"https:\/\/azpeitiaisasa.com\/#website","url":"https:\/\/azpeitiaisasa.com\/","name":"Azpeitia Isasa","description":"Especialistas en construcci&oacute;n de viviendas y promoci&oacute;n en la comarca de Donostialdea de la provincia de Gipuzkoa.","potentialAction":[{"@type":"SearchAction","target":{"@type":"EntryPoint","urlTemplate":"https:\/\/azpeitiaisasa.com\/?s={search_term_string}"},"query-input":{"@type":"PropertyValueSpecification","valueRequired":true,"valueName":"search_term_string"}}],"inLanguage":"eu"}]}},"_links":{"self":[{"href":"https:\/\/azpeitiaisasa.com\/eu\/wp-json\/wp\/v2\/pages\/37","targetHints":{"allow":["GET"]}}],"collection":[{"href":"https:\/\/azpeitiaisasa.com\/eu\/wp-json\/wp\/v2\/pages"}],"about":[{"href":"https:\/\/azpeitiaisasa.com\/eu\/wp-json\/wp\/v2\/types\/page"}],"author":[{"embeddable":true,"href":"https:\/\/azpeitiaisasa.com\/eu\/wp-json\/wp\/v2\/users\/1"}],"replies":[{"embeddable":true,"href":"https:\/\/azpeitiaisasa.com\/eu\/wp-json\/wp\/v2\/comments?post=37"}],"version-history":[{"count":3,"href":"https:\/\/azpeitiaisasa.com\/eu\/wp-json\/wp\/v2\/pages\/37\/revisions"}],"predecessor-version":[{"id":4644,"href":"https:\/\/azpeitiaisasa.com\/eu\/wp-json\/wp\/v2\/pages\/37\/revisions\/4644"}],"wp:attachment":[{"href":"https:\/\/azpeitiaisasa.com\/eu\/wp-json\/wp\/v2\/media?parent=37"}],"curies":[{"name":"wp","href":"https:\/\/api.w.org\/{rel}","templated":true}]}}